{"id":134,"date":"2024-05-10T16:13:57","date_gmt":"2024-05-10T14:13:57","guid":{"rendered":"https:\/\/www.sdhlosina.cz\/wpindex.php\/?page_id=134"},"modified":"2025-11-02T12:44:54","modified_gmt":"2025-11-02T11:44:54","slug":"clenove-jednotky","status":"publish","type":"page","link":"https:\/\/www.sdhlosina.cz\/index.php\/clenove-jednotky\/","title":{"rendered":"\u010clenov\u00e9 jednotky"},"content":{"rendered":"\n<p class=\"has-small-font-size\" style=\"padding-top:var(--wp--preset--spacing--20);padding-right:0;padding-bottom:var(--wp--preset--spacing--20);padding-left:0\"><\/p>\n\n\n\n<figure class=\"wp-block-table is-style-stripes has-small-font-size\" style=\"margin-top:0;margin-bottom:0\"><table style=\"border-width:1px\"><tbody><tr><td><strong>Ji\u0159\u00ed Richter<\/strong><\/td><td>velitel jednotky, obsluha motorov\u00fdch \u0159et\u011bzov\u00fdch pil, nositel d\u00fdchac\u00ed techniky, technik ochrany obyvatelstva<\/td><\/tr><tr><td><strong>V\u00e1clav Loukota<\/strong><\/td><td>velitel dru\u017estva, strojn\u00edk, nositel d\u00fdchac\u00ed techniky, obsluha motorov\u00fdch \u0159et\u011bzov\u00fdch pil<\/td><\/tr><tr><td><strong><strong>Petr Dobi\u00e1\u0161<\/strong><\/strong><\/td><td>velitel dru\u017estva, nositel d\u00fdchac\u00ed techniky<\/td><\/tr><tr><td><strong><strong>Tom\u00e1\u0161 Reichelt<\/strong><\/strong><\/td><td>velitel dru\u017estva, nositel d\u00fdchac\u00ed techniky, technik ochrany obyvatelstva, obsluha motorov\u00fdch \u0159et\u011bzov\u00fdch pil<\/td><\/tr><tr><td><strong>Roman Brani\u0161<\/strong><\/td><td>strojn\u00edk, obsluha motorov\u00fdch \u0159et\u011bzov\u00fdch pil, technik strojn\u00ed slu\u017eby<\/td><\/tr><tr><td><strong>Pavel Ka\u010dena<\/strong><\/td><td>strojn\u00edk<\/td><\/tr><tr><td><strong>Jan Vot\u00edpka<\/strong><\/td><td>strojn\u00edk<\/td><\/tr><tr><td><strong>Milo\u0161 \u0158e\u017e\u00e1bek<\/strong><\/td><td>strojn\u00edk, obsluha motorov\u00fdch \u0159et\u011bzov\u00fdch pil<\/td><\/tr><tr><td><strong>Jakub Ma\u0161ek<\/strong><\/td><td>hasi\u010d, obsluha motorov\u00fdch \u0159et\u011bzov\u00fdch pil<\/td><\/tr><tr><td><strong>Marek \u0160t\u011bp\u00e1n<\/strong><\/td><td>nositel d\u00fdchac\u00ed techniky, obsluha motorov\u00fdch \u0159et\u011bzov\u00fdch pil<\/td><\/tr><tr><td><strong>Petr \u0160t\u011bp\u00e1n<\/strong><\/td><td>hasi\u010d<\/td><\/tr><tr><td><strong>Roman Fron\u011bk<\/strong><\/td><td>hasi\u010d<\/td><\/tr><\/tbody><\/table><\/figure>\n\n\n\n<figure class=\"wp-block-image size-large\"><img loading=\"lazy\" decoding=\"async\" width=\"1024\" height=\"768\" src=\"https:\/\/www.sdhlosina.cz\/wp-content\/uploads\/2024\/05\/IMG_6746-1024x768.jpg\" alt=\"\" class=\"wp-image-147\" srcset=\"https:\/\/www.sdhlosina.cz\/wp-content\/uploads\/2024\/05\/IMG_6746-1024x768.jpg 1024w, https:\/\/www.sdhlosina.cz\/wp-content\/uploads\/2024\/05\/IMG_6746-300x225.jpg 300w, https:\/\/www.sdhlosina.cz\/wp-content\/uploads\/2024\/05\/IMG_6746-768x576.jpg 768w, https:\/\/www.sdhlosina.cz\/wp-content\/uploads\/2024\/05\/IMG_6746-1536x1152.jpg 1536w, https:\/\/www.sdhlosina.cz\/wp-content\/uploads\/2024\/05\/IMG_6746-2048x1536.jpg 2048w\" sizes=\"auto, (max-width: 1024px) 100vw, 1024px\" \/><\/figure>\n","protected":false},"excerpt":{"rendered":"<p>Ji\u0159\u00ed Richter velitel jednotky, obsluha motorov\u00fdch \u0159et\u011bzov\u00fdch pil, nositel d\u00fdchac\u00ed techniky, technik ochrany obyvatelstva V\u00e1clav Loukota velitel dru\u017estva, strojn\u00edk, nositel d\u00fdchac\u00ed techniky, obsluha motorov\u00fdch \u0159et\u011bzov\u00fdch pil Petr Dobi\u00e1\u0161 velitel dru\u017estva, nositel d\u00fdchac\u00ed techniky Tom\u00e1\u0161 Reichelt velitel dru\u017estva, nositel d\u00fdchac\u00ed techniky, technik ochrany obyvatelstva, obsluha motorov\u00fdch \u0159et\u011bzov\u00fdch pil Roman Brani\u0161 strojn\u00edk, obsluha motorov\u00fdch \u0159et\u011bzov\u00fdch pil, technik [&hellip;]<\/p>\n","protected":false},"author":1,"featured_media":0,"parent":0,"menu_order":0,"comment_status":"closed","ping_status":"closed","template":"","meta":{"site-sidebar-layout":"default","site-content-layout":"","ast-site-content-layout":"default","site-content-style":"default","site-sidebar-style":"default","ast-global-header-display":"","ast-banner-title-visibility":"","ast-main-header-display":"","ast-hfb-above-header-display":"","ast-hfb-below-header-display":"","ast-hfb-mobile-header-display":"","site-post-title":"","ast-breadcrumbs-content":"","ast-featured-img":"","footer-sml-layout":"","ast-disable-related-posts":"","theme-transparent-header-meta":"","adv-header-id-meta":"","stick-header-meta":"","header-above-stick-meta":"","header-main-stick-meta":"","header-below-stick-meta":"","astra-migrate-meta-layouts":"default","ast-page-background-enabled":"default","ast-page-background-meta":{"desktop":{"background-color":"var(--ast-global-color-4)","background-image":"","background-repeat":"repeat","background-position":"center center","background-size":"auto","background-attachment":"scroll","background-type":"","background-media":"","overlay-type":"","overlay-color":"","overlay-opacity":"","overlay-gradient":""},"tablet":{"background-color":"","background-image":"","background-repeat":"repeat","background-position":"center center","background-size":"auto","background-attachment":"scroll","background-type":"","background-media":"","overlay-type":"","overlay-color":"","overlay-opacity":"","overlay-gradient":""},"mobile":{"background-color":"","background-image":"","background-repeat":"repeat","background-position":"center center","background-size":"auto","background-attachment":"scroll","background-type":"","background-media":"","overlay-type":"","overlay-color":"","overlay-opacity":"","overlay-gradient":""}},"ast-content-background-meta":{"desktop":{"background-color":"var(--ast-global-color-5)","background-image":"","background-repeat":"repeat","background-position":"center center","background-size":"auto","background-attachment":"scroll","background-type":"","background-media":"","overlay-type":"","overlay-color":"","overlay-opacity":"","overlay-gradient":""},"tablet":{"background-color":"var(--ast-global-color-5)","background-image":"","background-repeat":"repeat","background-position":"center center","background-size":"auto","background-attachment":"scroll","background-type":"","background-media":"","overlay-type":"","overlay-color":"","overlay-opacity":"","overlay-gradient":""},"mobile":{"background-color":"var(--ast-global-color-5)","background-image":"","background-repeat":"repeat","background-position":"center center","background-size":"auto","background-attachment":"scroll","background-type":"","background-media":"","overlay-type":"","overlay-color":"","overlay-opacity":"","overlay-gradient":""}},"footnotes":""},"class_list":["post-134","page","type-page","status-publish","hentry"],"_links":{"self":[{"href":"https:\/\/www.sdhlosina.cz\/index.php\/wp-json\/wp\/v2\/pages\/134","targetHints":{"allow":["GET"]}}],"collection":[{"href":"https:\/\/www.sdhlosina.cz\/index.php\/wp-json\/wp\/v2\/pages"}],"about":[{"href":"https:\/\/www.sdhlosina.cz\/index.php\/wp-json\/wp\/v2\/types\/page"}],"author":[{"embeddable":true,"href":"https:\/\/www.sdhlosina.cz\/index.php\/wp-json\/wp\/v2\/users\/1"}],"replies":[{"embeddable":true,"href":"https:\/\/www.sdhlosina.cz\/index.php\/wp-json\/wp\/v2\/comments?post=134"}],"version-history":[{"count":11,"href":"https:\/\/www.sdhlosina.cz\/index.php\/wp-json\/wp\/v2\/pages\/134\/revisions"}],"predecessor-version":[{"id":30469,"href":"https:\/\/www.sdhlosina.cz\/index.php\/wp-json\/wp\/v2\/pages\/134\/revisions\/30469"}],"wp:attachment":[{"href":"https:\/\/www.sdhlosina.cz\/index.php\/wp-json\/wp\/v2\/media?parent=134"}],"curies":[{"name":"wp","href":"https:\/\/api.w.org\/{rel}","templated":true}]}}